{"id":106,"date":"2019-02-20T13:22:01","date_gmt":"2019-02-20T12:22:01","guid":{"rendered":"https:\/\/www.soel.ch\/?page_id=106"},"modified":"2022-02-25T13:32:20","modified_gmt":"2022-02-25T12:32:20","slug":"100-onns-soel","status":"publish","type":"page","link":"https:\/\/soel.ch\/de\/100-onns-soel\/","title":{"rendered":"100 onns SOEL"},"content":{"rendered":"<figure class=\"wp-block-image\"><img loading=\"lazy\" width=\"450\" height=\"67\" src=\"https:\/\/www.soel.ch\/wp-content\/uploads\/2019\/02\/logo-100onns-soel-450x67.png\" alt=\"\" class=\"wp-image-105\" title=\"logo-100onns-soel\" srcset=\"https:\/\/soel.ch\/wp-content\/uploads\/2019\/02\/logo-100onns-soel-450x67.png 450w, https:\/\/soel.ch\/wp-content\/uploads\/2019\/02\/logo-100onns-soel.png 500w\" sizes=\"(max-width: 450px) 100vw, 450px\" \/><\/figure>\n\n\n\n<p><strong>Eine Jubil\u00e4umsausgabe mit historischen Einblicken<\/strong><\/p>\n\n\n\n<p>Im Januar 1919 hat zum ersten Mal elektrisches Licht die Stuben von Lumbrein erhellt \u2013 mit Strom aus der lokalen Produktionsst\u00e4tte von Lumbrein. Clau Sol\u00e8r hat in den Archiven recherchiert und bietet in dieser Jubil\u00e4umsausgabe Einblicke in die Planung und Entwicklung des Elektrizit\u00e4tswerkes von Lumbrein. Das Buch enth\u00e4lt zahlreiche Dokumente, viele Bilder und auch Anekdoten.<\/p>\n\n\n\n<h3>WERK-ELECTRIC<\/h3>\n\n\n\n<p>1919-2019<\/p>\n\n\n\n<p>Historia dall\u2019ovra electrica da Lumbrein<\/p>\n\n\n\n<figure class=\"wp-block-image\"><img loading=\"lazy\" width=\"450\" height=\"579\" src=\"https:\/\/www.soel.ch\/wp-content\/uploads\/2019\/02\/buch-werk-electric-450x579.jpg\" alt=\"\" class=\"wp-image-103\" title=\"buch-werk-electric\" srcset=\"https:\/\/soel.ch\/wp-content\/uploads\/2019\/02\/buch-werk-electric-450x579.jpg 450w, https:\/\/soel.ch\/wp-content\/uploads\/2019\/02\/buch-werk-electric-795x1024.jpg 795w, https:\/\/soel.ch\/wp-content\/uploads\/2019\/02\/buch-werk-electric.jpg 1000w\" sizes=\"(max-width: 450px) 100vw, 450px\" \/><\/figure>\n\n\n\n<p>Romontsch sursilvan<\/p>\n\n\n\n<p>Autor: Clau Sol\u00e8r<\/p>\n\n\n\n<p>Herausgeber: Societad Ovra electrica Lumbrein<\/p>\n\n\n\n<p>80 paginas\/Seiten<\/p>\n\n\n\n<p>CHF 20.00<\/p>\n\n\n\n<p>ISBN: 978-3-905956-21-4<\/p>\n\n\n\n<p>Chasa Editura Rumantscha, 2018<\/p>\n\n\n\n<p>Buch bestellen: <a title=\"Desertina Shop\" href=\"https:\/\/desertina.ch\/shop\/index.php\/produkt\/werk-electric-1919-2019\/\" target=\"_blank\" rel=\"noopener\">Desertina Shop<\/a><\/p>","protected":false},"excerpt":{"rendered":"<p>Eine Jubil\u00e4umsausgabe mit historischen Einblicken Im Januar 1919 hat zum ersten Mal elektrisches Licht die Stuben von Lumbrein erhellt \u2013 mit Strom aus der lokalen Produktionsst\u00e4tte von Lumbrein. Clau Sol\u00e8r hat in den Archiven recherchiert und bietet in dieser Jubil\u00e4umsausgabe &hellip; <a href=\"https:\/\/soel.ch\/de\/100-onns-soel\/\">Continue reading <span class=\"meta-nav\">&rarr;<\/span><\/a><\/p>\n","protected":false},"author":2,"featured_media":0,"parent":0,"menu_order":4,"comment_status":"closed","ping_status":"closed","template":"","meta":{"ngg_post_thumbnail":0,"_links_to":"","_links_to_target":""},"_links":{"self":[{"href":"https:\/\/soel.ch\/de\/wp-json\/wp\/v2\/pages\/106"}],"collection":[{"href":"https:\/\/soel.ch\/de\/wp-json\/wp\/v2\/pages"}],"about":[{"href":"https:\/\/soel.ch\/de\/wp-json\/wp\/v2\/types\/page"}],"author":[{"embeddable":true,"href":"https:\/\/soel.ch\/de\/wp-json\/wp\/v2\/users\/2"}],"replies":[{"embeddable":true,"href":"https:\/\/soel.ch\/de\/wp-json\/wp\/v2\/comments?post=106"}],"version-history":[{"count":0,"href":"https:\/\/soel.ch\/de\/wp-json\/wp\/v2\/pages\/106\/revisions"}],"wp:attachment":[{"href":"https:\/\/soel.ch\/de\/wp-json\/wp\/v2\/media?parent=106"}],"curies":[{"name":"wp","href":"https:\/\/api.w.org\/{rel}","templated":true}]}}