{"id":15,"date":"2012-06-03T12:16:41","date_gmt":"2012-06-03T10:16:41","guid":{"rendered":"http:\/\/www.soel.ch\/?page_id=15"},"modified":"2025-08-29T16:19:19","modified_gmt":"2025-08-29T14:19:19","slug":"preise","status":"publish","type":"page","link":"https:\/\/soel.ch\/de\/preise\/","title":{"rendered":"Preise"},"content":{"rendered":"<p>Ein Teil unserer Mission ist, unseren Kunden Strom so g\u00fcnstig wie m\u00f6glich anzubieten. Unsere Strompreise wurden letztmals per 1. Januar 2007 erh\u00f6ht, nachdem seit 1. Januar 1996 keine Erh\u00f6hung stattgefunden hatte. Der Zukauf von Energie wurde im 2007 durch unseren Lieferanten sowie durch die Liberalisierung erh\u00f6ht und da die Teuerung auch an uns nicht ohne Probleme vorbeigeht, waren wir gezwungen unsere Tarife per 1. Januar 2007 anzupassen. Auf den 1. Januar 2015 konnten wir die Preise wieder um 10% senken. Auf den 1. Januar 2018 haben wir die Grundpreise je nach Kategorie zwischen 16% und 33% gesenkt. Auf den 1. Januar 2023 wie auch 2024 wurden wir durch die Turbulenzen an den Energiem\u00e4rkten gezwungen, den Strompreis um durchschnittlich 3 Rappen\/kWh (2023) resp. 5.4 Rappen\/kWh (2024) zu erh\u00f6hen.&nbsp;<\/p>\n<p>Die Z\u00e4hlerst\u00e4nde werden einmal im Jahr abgelesen, im Normalfall w\u00e4hrend des Monates Dezember. Im Sommer wird eine Akonto-Rechnung verschickt. Im Januar wird jeweils die Schlussabrechnung erstellt und verschickt.<\/p>\n<p><a href=\"https:\/\/soel.ch\/wp-content\/uploads\/2025\/08\/Preisblatt_SOEL-2026.pdf\" target=\"_blank\" rel=\"noopener\">Preisblatt SOEL 2026<\/a><\/p>\n<p><a href=\"https:\/\/soel.ch\/wp-content\/uploads\/2025\/08\/250829_Begleitbrief_deu.pdf\" target=\"_blank\" rel=\"noopener\">Information Tarife 2026<\/a><\/p>\n<p><a href=\"https:\/\/soel.ch\/wp-content\/uploads\/2024\/08\/Preisblatt_SOEL-2025.pdf\" target=\"_blank\" rel=\"noopener\">Preisblatt SOEL 2025<\/a><\/p>\n<p><a href=\"https:\/\/www.soel.ch\/wp-content\/uploads\/2021\/01\/tarifas_photovoltaik.pdf\" target=\"_blank\" rel=\"noopener\">Tarife Photovoltaik<\/a><\/p>\n<p><a href=\"https:\/\/soel.ch\/wp-content\/uploads\/2022\/08\/tarifas_colligiaziun.pdf\" target=\"_blank\" rel=\"noopener\">Tarife Anschl\u00fcsse<\/a><\/p>\n<p><a href=\"https:\/\/soel.ch\/wp-content\/uploads\/2025\/04\/Stromkennzeichnung_SOEL_2024.pdf\" target=\"_blank\" rel=\"noopener\">Stromkennzeichnung SOEL 2024<\/a><\/p>\n<p><a href=\"https:\/\/soel.ch\/wp-content\/uploads\/2023\/08\/Preisblatt_SOEL-2024.pdf\" target=\"_blank\" rel=\"noopener\">Preisblatt SOEL 2024<\/a><\/p>\n<p><a href=\"https:\/\/soel.ch\/wp-content\/uploads\/2023\/08\/230830_Begleitbrief_deu-1.pdf\" target=\"_blank\" rel=\"noopener\">Information Tarife 2024<\/a><\/p>\n<p><a href=\"https:\/\/soel.ch\/wp-content\/uploads\/2024\/04\/Stromkennzeichnung-SOEL-2023.pdf\" target=\"_blank\" rel=\"noopener\">Stromkennzeichnung 2023<\/a><\/p>\n<p><a href=\"https:\/\/soel.ch\/wp-content\/uploads\/2022\/08\/Preisblatt_SOEL-2023.pdf\" target=\"_blank\" rel=\"noopener\">Preisblatt SOEL 2023<\/a><\/p>\n<p><a href=\"https:\/\/soel.ch\/wp-content\/uploads\/2022\/08\/220830_Begleitbrief_deu.pdf\" target=\"_blank\" rel=\"noopener\">Information Tarife 2023<\/a><\/p>\n<p><a href=\"https:\/\/soel.ch\/wp-content\/uploads\/2023\/05\/Stromkennzeichnung-SOEL-2022.pdf\" target=\"_blank\" rel=\"noopener\">Stromkennzeichnung 2022<\/a><\/p>\n<p><a href=\"https:\/\/www.soel.ch\/wp-content\/uploads\/2021\/06\/Preisblatt_SOEL-2022.pdf\" target=\"_blank\" rel=\"noopener\">Preisblatt SOEL 2022<\/a><\/p>\n<p><a href=\"https:\/\/soel.ch\/wp-content\/uploads\/2022\/05\/Stromkennzeichnung-SOEL-2021.pdf\" target=\"_blank\" rel=\"noopener\">Stromkennzeichnung 2021<\/a><\/p>\n<p><a href=\"https:\/\/www.soel.ch\/wp-content\/uploads\/2020\/08\/Preisblatt_SOEL-2021.pdf\" target=\"_blank\" rel=\"noopener\">Preisblatt SOEL 2021<\/a><\/p>\n<p><a href=\"https:\/\/www.soel.ch\/wp-content\/uploads\/2021\/06\/Stromkennzeichnung-SOEL-2020.pdf\" target=\"_blank\" rel=\"noopener\">Stromkennzeichnung 2020<\/a><\/p>\n<p><a href=\"https:\/\/www.soel.ch\/wp-content\/uploads\/2019\/08\/Preisblatt_SOEL_2020.pdf\" target=\"_blank\" rel=\"noopener\">Preisblatt SOEL 2020<\/a><\/p>\n<p><a href=\"https:\/\/www.soel.ch\/wp-content\/uploads\/2020\/05\/Stromkennzeichnung-SOEL-2019-neu.pdf\" target=\"_blank\" rel=\"noopener\">Stromkennzeichnung 2019<\/a><\/p>\n<p><a href=\"https:\/\/www.soel.ch\/wp-content\/uploads\/2018\/08\/Preisblatt_SOEL-2019.pdf\" target=\"_blank\" rel=\"noopener\">Preisblatt SOEL 2019<\/a><\/p>\n<p><a href=\"https:\/\/www.soel.ch\/wp-content\/uploads\/2020\/01\/Stromkennzeichnung_SOEL_2018.pdf\" target=\"_blank\" rel=\"noopener\">Stromkennzeichnung 2018<\/a><\/p>\n<p><a href=\"https:\/\/www.soel.ch\/wp-content\/uploads\/2012\/06\/Preisblatt_EWLumbrein-2018-edit.pdf\" target=\"_blank\" rel=\"noopener\">Preisblatt SOEL 2018<\/a><\/p>\n<p><a href=\"https:\/\/www.soel.ch\/wp-content\/uploads\/2016\/07\/Preisblatt_EWLumbrein_2017.pdf\" target=\"_blank\" rel=\"noopener\">Preisblatt SOEL 2017<\/a><\/p>\n<p><a href=\"https:\/\/www.soel.ch\/wp-content\/uploads\/2012\/06\/Preisblatt_EWLumbrein-2016.pdf\" target=\"_blank\" rel=\"noopener\">Preisblatt SOEL 2016<\/a><\/p>\n<p><a href=\"https:\/\/www.soel.ch\/wp-content\/uploads\/2012\/06\/Preisblatt_EWLumbrein-2015.pdf\" target=\"_blank\" rel=\"noopener\">Preisblatt SOEL 2015<\/a><\/p>\n<p><a href=\"https:\/\/www.soel.ch\/wp-content\/uploads\/2012\/06\/Preisblatt_EWLumbrein-2014.pdf\" target=\"_blank\" rel=\"noopener\">Preisblatt SOEL 2014<\/a><\/p>\n<p><a href=\"https:\/\/www.soel.ch\/wp-content\/uploads\/2012\/06\/Preisblatt_EWLumbrein-2013.pdf\" target=\"_blank\" rel=\"noopener\">Preisblatt SOEL 2013<\/a><\/p>\n<p><a href=\"https:\/\/www.soel.ch\/wp-content\/uploads\/Preisblatt_EWLumbrein_2012.pdf\">Preisblatt SOEL 2012<\/a><\/p>\n<p><a href=\"https:\/\/www.soel.ch\/wp-content\/uploads\/Preisblatt_EWLumbrein_2011.pdf\">Preisblatt SOEL 2011<\/a><\/p>","protected":false},"excerpt":{"rendered":"<p>Ein Teil unserer Mission ist, unseren Kunden Strom so g\u00fcnstig wie m\u00f6glich anzubieten. Unsere Strompreise wurden letztmals per 1. Januar 2007 erh\u00f6ht, nachdem seit 1. Januar 1996 keine Erh\u00f6hung stattgefunden hatte. Der Zukauf von Energie wurde im 2007 durch unseren &hellip; <a href=\"https:\/\/soel.ch\/de\/preise\/\">Continue reading <span class=\"meta-nav\">&rarr;<\/span><\/a><\/p>\n","protected":false},"author":2,"featured_media":0,"parent":0,"menu_order":3,"comment_status":"closed","ping_status":"closed","template":"","meta":{"ngg_post_thumbnail":0,"_links_to":"","_links_to_target":""},"_links":{"self":[{"href":"https:\/\/soel.ch\/de\/wp-json\/wp\/v2\/pages\/15"}],"collection":[{"href":"https:\/\/soel.ch\/de\/wp-json\/wp\/v2\/pages"}],"about":[{"href":"https:\/\/soel.ch\/de\/wp-json\/wp\/v2\/types\/page"}],"author":[{"embeddable":true,"href":"https:\/\/soel.ch\/de\/wp-json\/wp\/v2\/users\/2"}],"replies":[{"embeddable":true,"href":"https:\/\/soel.ch\/de\/wp-json\/wp\/v2\/comments?post=15"}],"version-history":[{"count":0,"href":"https:\/\/soel.ch\/de\/wp-json\/wp\/v2\/pages\/15\/revisions"}],"wp:attachment":[{"href":"https:\/\/soel.ch\/de\/wp-json\/wp\/v2\/media?parent=15"}],"curies":[{"name":"wp","href":"https:\/\/api.w.org\/{rel}","templated":true}]}}