{"id":18,"date":"2012-06-03T12:19:30","date_gmt":"2012-06-03T10:19:30","guid":{"rendered":"http:\/\/www.soel.ch\/?page_id=18"},"modified":"2025-03-17T16:45:35","modified_gmt":"2025-03-17T15:45:35","slug":"program-da-promoziun","status":"publish","type":"page","link":"https:\/\/soel.ch\/de\/program-da-promoziun\/","title":{"rendered":"F\u00f6rderprogramm"},"content":{"rendered":"<p>Mit dem F\u00f6rderprogramm \u00abNachhaltigkeit\u00bb will die Genossenschaft Elektrizit\u00e4tswerk Lumbrein Energieeffizienz und erneuerbare Energien f\u00f6rdern. Die Kunden unseres Versorgungsgebietes sollen durch dieses F\u00f6rderprogramm f\u00fcr das Thema des nachhaltigen Energieeinsatzes sensibilisiert werden sowie durch Anreize motiviert werden, sparsame Ger\u00e4te zu kaufen und Geb\u00e4ude energieeffizient zu sanieren. Hierzu werden finanzielle Anreize f\u00fcr \u00fcberdurchschnittliche Massnahmen geschaffen. Diese Massnahmen sollen auch Investitionen ausl\u00f6sen und somit die regionale Wirtschaft unterst\u00fctzen.<\/p>\n<p>Ab 01.01.2015 wird das F\u00f6rderprogramm von der Gemeinde Lumnezia gef\u00fchrt. So bitten wir alle Gesuche direkt der Gemeinde zukommen zu lassen.<\/p>\n<p><a href=\"https:\/\/www.lumnezia.ch\/de\/gemeinde\/dienstleistungen-der-gemeinde\/finanzenpersonal\" target=\"_blank\" rel=\"noopener\">Link zur Gemeinde<\/a><\/p>\n<p>&nbsp;<\/p>","protected":false},"excerpt":{"rendered":"<p>Mit dem F\u00f6rderprogramm \u00abNachhaltigkeit\u00bb will die Genossenschaft Elektrizit\u00e4tswerk Lumbrein Energieeffizienz und erneuerbare Energien f\u00f6rdern. Die Kunden unseres Versorgungsgebietes sollen durch dieses F\u00f6rderprogramm f\u00fcr das Thema des nachhaltigen Energieeinsatzes sensibilisiert werden sowie durch Anreize motiviert werden, sparsame Ger\u00e4te zu kaufen und &hellip; <a href=\"https:\/\/soel.ch\/de\/program-da-promoziun\/\">Continue reading <span class=\"meta-nav\">&rarr;<\/span><\/a><\/p>\n","protected":false},"author":2,"featured_media":0,"parent":0,"menu_order":4,"comment_status":"closed","ping_status":"closed","template":"","meta":{"ngg_post_thumbnail":0,"_links_to":"","_links_to_target":""},"_links":{"self":[{"href":"https:\/\/soel.ch\/de\/wp-json\/wp\/v2\/pages\/18"}],"collection":[{"href":"https:\/\/soel.ch\/de\/wp-json\/wp\/v2\/pages"}],"about":[{"href":"https:\/\/soel.ch\/de\/wp-json\/wp\/v2\/types\/page"}],"author":[{"embeddable":true,"href":"https:\/\/soel.ch\/de\/wp-json\/wp\/v2\/users\/2"}],"replies":[{"embeddable":true,"href":"https:\/\/soel.ch\/de\/wp-json\/wp\/v2\/comments?post=18"}],"version-history":[{"count":0,"href":"https:\/\/soel.ch\/de\/wp-json\/wp\/v2\/pages\/18\/revisions"}],"wp:attachment":[{"href":"https:\/\/soel.ch\/de\/wp-json\/wp\/v2\/media?parent=18"}],"curies":[{"name":"wp","href":"https:\/\/api.w.org\/{rel}","templated":true}]}}