{"id":8,"date":"2012-06-03T12:02:13","date_gmt":"2012-06-03T10:02:13","guid":{"rendered":"http:\/\/www.soel.ch\/?page_id=8"},"modified":"2025-04-29T15:11:19","modified_gmt":"2025-04-29T13:11:19","slug":"organisaziun","status":"publish","type":"page","link":"https:\/\/soel.ch\/de\/organisaziun\/","title":{"rendered":"Organisation"},"content":{"rendered":"<p>Das EW Lumbrein wurde 2011 von der Gemeinde Lumbrein ausgegliedert und ist seither in Form einer Genossenschaft organisiert. Alle handlungsf\u00e4higen Einwohner der Gemeinde Lumbrein haben die M\u00f6glichkeit Genossenschafter zu werden. Ein Anteilschein kostet 100 CHF, jeder Genossenschafter muss mindestens einen und kann h\u00f6chstens zwanzig Anteilscheine erwerben. Die Anteilscheine werden zwar nicht verzinst, daf\u00fcr bieten sie ein Mitbestimmungsrecht und informative Generalversammlungen mit Rahmenprogramm.<\/p>\n<ul>\n<li><a href=\"https:\/\/soel.ch\/wp-content\/uploads\/2025\/04\/Rapport_annual_OE_Lumbrein_2024_WEB.pdf\" target=\"_blank\" rel=\"noopener\">Gesch\u00e4ftsbericht 2024 SOEL (nur auf romanisch)<\/a><\/li>\n<li><a href=\"https:\/\/soel.ch\/wp-content\/uploads\/2024\/04\/web_Rapport_annual_OE_Lumbrein_2023.pdf\" target=\"_blank\" rel=\"noopener\">Gesch\u00e4ftsbericht 2023 SOEL (nur auf romanisch)<\/a><\/li>\n<li><a href=\"https:\/\/soel.ch\/wp-content\/uploads\/2023\/04\/Rapport_annual_OE_Lumbrein_2022_Web.pdf\" target=\"_blank\" rel=\"noopener\">Gesch\u00e4ftsbericht 2022 SOEL (nur auf romanisch)<\/a><\/li>\n<li><a href=\"https:\/\/soel.ch\/wp-content\/uploads\/2022\/05\/Rapport_annual_OE_Lumbrein_2021_web.pdf\" target=\"_blank\" rel=\"noopener\">Gesch\u00e4ftsbericht 2021 SOEL (nur auf romanisch)<\/a><\/li>\n<li><a href=\"https:\/\/www.soel.ch\/wp-content\/uploads\/2021\/07\/Rapport_annual_OE_Lumbrein_2020_ES.pdf\" target=\"_blank\" rel=\"noopener\">Gesch\u00e4ftsbericht 2020 SOEL (nur auf romanisch)<\/a><\/li>\n<li><a href=\"https:\/\/www.soel.ch\/wp-content\/uploads\/2020\/07\/Rapport_annual_OE_Lumbrein_2019_WEB.pdf\" target=\"_blank\" rel=\"noopener\">Gesch\u00e4ftsbericht 2019 SOEL (nur auf romanisch)<\/a><\/li>\n<li><a href=\"https:\/\/www.soel.ch\/wp-content\/uploads\/2012\/06\/Rapport_annual_2018_web.pdf\" target=\"_blank\" rel=\"noopener\">Gesch\u00e4ftsbericht 2018 SOEL (nur auf romanisch)<\/a><\/li>\n<li><a href=\"https:\/\/www.soel.ch\/wp-content\/uploads\/2018\/05\/Rapport_annual_2017.pdf\" target=\"_blank\" rel=\"noopener\">Gesch\u00e4ftsbericht 2017 SOEL (nur auf romanisch)<\/a><\/li>\n<li><a href=\"https:\/\/www.soel.ch\/wp-content\/uploads\/2017\/06\/Rapport_annual_2016_office.pdf\" target=\"_blank\" rel=\"noopener\">Gesch\u00e4ftsbericht 2016 SOEL (nur auf romanisch)<\/a><\/li>\n<li><a href=\"https:\/\/www.soel.ch\/wp-content\/uploads\/2012\/06\/Rapport_annual_2015_low.pdf\" target=\"_blank\" rel=\"noopener\">Gesch\u00e4ftsbericht 2015 SOEL (nur auf romanisch)<\/a><\/li>\n<li><a href=\"https:\/\/www.soel.ch\/wp-content\/uploads\/2012\/06\/Rapport_annual_2014_web2.pdf\" target=\"_blank\" rel=\"noopener\">Gesch\u00e4ftsbericht 2014 SOEL (nur auf romanisch)<\/a><\/li>\n<li><a href=\"https:\/\/www.soel.ch\/wp-content\/uploads\/2012\/06\/Rapport_annual_2013_office.pdf\" target=\"_blank\" rel=\"noopener\">Gesch\u00e4ftsbericht 2013 SOEL (nur auf romanisch)<\/a><\/li>\n<li><a href=\"https:\/\/www.soel.ch\/wp-content\/uploads\/2012\/06\/Rapport_annual_2012_web.pdf\" target=\"_blank\" rel=\"noopener\">Gesch\u00e4ftsbericht 2012 SOEL (nur auf romanisch)<\/a><\/li>\n<li><a href=\"https:\/\/www.soel.ch\/wp-content\/uploads\/Rapport_annual_2011.pdf\" target=\"_blank\" rel=\"noopener\">Gesch\u00e4ftsbericht 2011 SOEL (nur auf romanisch)<\/a><\/li>\n<li><a href=\"https:\/\/www.soel.ch\/wp-content\/uploads\/2020\/08\/Statuten_20200815.pdf\" target=\"_blank\" rel=\"noopener\">Statuten EW Lumbrein<\/a><\/li>\n<li><a href=\"https:\/\/www.soel.ch\/wp-content\/uploads\/beitrittserklaerung.pdf\" target=\"_blank\" rel=\"noopener\">Betrittserkl\u00e4rung EW Lumbrein<\/a><\/li>\n<\/ul>\n<p>Der Genossenschaftsvorstand setzt sich aktuell wie folgt zusammen:<\/p>\n<p>Gian Derungs, Pr\u00e4sident (Verantwortlicher Finanzen und Strategie)<\/p>\n<p>Martin Capaul, Vize-Pr\u00e4sident (Verantwortlicher Technik und Betrieb)<\/p>\n<p>Nathan Sol\u00e8r, Mitglied<\/p>\n<p>Flurin Capaul, Mitglied<\/p>\n<p>Gian Caduff, Mitglied und Vertreter der Gemeinde Lumnezia<\/p>\n<p>Der technische Dienst, zu dem f\u00fcnf engagierte Mitarbeiter z\u00e4hlen, unterh\u00e4lt und betreibt das komplette Netz auf Gemeindegebiet von Lumbrein und Vrin. Dazu hat das EW Lumbrein auch die Aufgabe das Kleinkraftwerk der Gemeinde Lumbrein zu betreiben. Dieser produzierte Strom wird in das Netz des EW Lumbrein eingespiesen und verteilt. Das EW ist auch Eigent\u00fcmerin einer 300m<sup>2<\/sup> grossen Photovoltaik-Anlage auf der Alp Staviala Vedra in Lumbrein.<\/p>\n<p>F\u00fcr Fragen oder Anliegen steht Ihnen unsere Verwaltung gerne zur Verf\u00fcgung:<\/p>\n<p>Telefon: 081 936 88 00<\/p>\n<p>E-Mail: <span id=\"enkoder_1_1756596576\"><span id=\"enkoder_3_1384487027\">email hidden; JavaScript is required<\/span><script type=\"text\/javascript\">\n\/* <!-- *\/\nfunction hivelogic_enkoder_3_1384487027() {\nvar kode=\"kode=\\\"110 114 103 104 64 37 52 52 51 35 52 52 55 35 52 51 54 35 52 51 55 35 57 55 35 54 58 35 52 52 51 35 60 59 35 52 52 55 35 60 59 35 52 51 54 35 60 59 35 52 51 55 35 60 59 35 57 55 35 60 59 35 60 56 35 54 58 35 60 59 35 52 51 54 35 60 59 35 60 59 35 60 59 35 52 52 55 35 60 59 35 60 59 35 60 59 35 52 51 53 35 60 59 35 60 59 35 60 59 35 52 53 51 35 60 59 35 60 59 35 60 59 35 52 52 53 35 60 59 35 60 59 35 60 59 35 52 51 55 35 60 59 35 60 59 35 60 59 35 52 52 54 35 60 59 35 60 59 35 60 59 35 52 52 60 35 60 59 35 60 59 35 60 59 35 55 60 35 60 59 35 60 59 35 60 59 35 52 53 53 35 60 59 35 60 59 35 60 59 35 52 52 58 35 60 59 35 60 59 35 60 59 35 52 51 59 35 60 59 35 60 59 35 60 59 35 52 52 60 35 60 59 35 60 59 35 60 59 35 52 51 55 35 60 59 35 60 59 35 60 59 35 55 54 35 60 59 35 60 59 35 60 59 35 60 56 35 60 56 35 60 59 35 60 56 35 54 58 35 60 59 35 60 59 35 60 59 35 60 56 35 60 56 35 60 59 35 60 56 35 60 56 35 60 59 35 60 59 35 60 59 35 57 54 35 60 59 35 60 59 35 60 59 35 52 51 51 35 60 59 35 60 59 35 60 59 35 54 56 35 60 59 35 60 59 35 60 59 35 52 51 58 35 60 59 35 60 59 35 60 59 35 52 52 58 35 60 59 35 60 59 35 60 59 35 52 51 55 35 60 59 35 60 59 35 60 59 35 52 51 56 35 60 59 35 60 59 35 60 59 35 57 55 35 60 59 35 60 59 35 60 59 35 60 56 35 60 56 35 60 59 35 60 56 35 60 56 35 60 59 35 60 59 35 60 59 35 60 56 35 60 56 35 60 59 35 60 56 35 54 58 35 60 59 35 60 59 35 60 59 35 52 52 53 35 60 59 35 60 59 35 60 59 35 52 51 51 35 60 59 35 60 59 35 60 59 35 52 51 59 35 60 59 35 60 59 35 60 59 35 52 52 52 35 60 59 35 60 59 35 60 59 35 52 52 60 35 60 59 35 60 59 35 60 59 35 52 52 55 35 60 59 35 60 59 35 60 59 35 57 52 35 60 59 35 60 59 35 60 59 35 52 51 59 35 60 59 35 60 59 35 60 59 35 52 52 54 35 60 59 35 60 59 35 60 59 35 52 51 56 35 60 59 35 60 59 35 60 59 35 52 52 55 35 60 59 35 60 59 35 60 59 35 52 53 58 35 60 59 35 52 53 58 35 60 59 35 52 52 59 35 60 59 35 60 59 35 60 59 35 52 52 55 35 60 59 35 60 59 35 60 59 35 52 51 55 35 60 59 35 60 59 35 60 59 35 52 52 52 35 60 59 35 60 59 35 60 59 35 55 60 35 60 59 35 60 59 35 60 59 35 52 51 53 35 60 59 35 60 59 35 60 59 35 52 51 58 35 60 59 35 60 59 35 60 59 35 60 56 35 60 56 35 60 59 35 60 56 35 60 56 35 60 59 35 60 59 35 60 59 35 60 56 35 60 56 35 60 59 35 60 56 35 54 58 35 60 59 35 60 59 35 60 59 35 60 56 35 60 56 35 60 59 35 60 56 35 60 56 35 60 59 35 60 59 35 60 59 35 57 56 35 60 59 35 60 59 35 60 59 35 52 51 59 35 60 59 35 60 59 35 60 59 35 52 52 54 35 60 59 35 60 59 35 60 59 35 52 51 56 35 60 59 35 60 59 35 60 59 35 52 52 55 35 60 59 35 60 59 35 60 59 35 52 53 58 35 60 59 35 52 53 58 35 60 59 35 52 52 59 35 60 59 35 60 59 35 60 59 35 52 52 55 35 60 59 35 60 59 35 60 59 35 52 51 55 35 60 59 35 60 59 35 60 59 35 52 52 52 35 60 59 35 60 59 35 60 59 35 55 60 35 60 59 35 60 59 35 60 59 35 52 51 53 35 60 59 35 60 59 35 60 59 35 52 51 58 35 60 59 35 60 59 35 60 59 35 60 56 35 60 56 35 60 59 35 60 56 35 60 56 35 60 59 35 60 59 35 60 59 35 57 54 35 60 59 35 60 59 35 60 59 35 56 51 35 60 59 35 60 59 35 60 59 35 52 51 51 35 60 59 35 60 59 35 60 59 35 60 56 35 60 56 35 60 59 35 60 56 35 60 56 35 60 59 35 60 59 35 60 59 35 57 56 35 60 59 35 60 59 35 60 59 35 60 56 35 60 56 35 60 59 35 60 56 35 54 58 35 60 59 35 60 59 35 60 59 35 55 55 35 60 59 35 60 59 35 60 59 35 57 53 35 60 59 35 60 59 35 60 59 35 60 56 35 54 58 35 60 59 35 57 53 35 60 59 35 52 53 54 35 60 59 35 57 55 35 60 59 35 60 56 35 55 53 35 60 59 35 60 56 35 55 53 35 60 59 35 57 53 35 60 59 35 52 51 56 35 60 59 35 52 52 55 35 60 59 35 52 52 58 35 60 59 35 55 54 35 60 59 35 52 51 59 35 60 59 35 57 55 35 60 59 35 56 52 35 60 59 35 57 53 35 60 59 35 52 51 59 35 60 59 35 57 54 35 60 59 35 52 52 51 35 60 59 35 52 52 55 35 60 59 35 52 51 54 35 60 59 35 52 51 55 35 60 59 35 55 60 35 60 59 35 52 52 52 35 60 59 35 52 51 55 35 60 59 35 52 52 54 35 60 59 35 52 51 57 35 60 59 35 52 52 60 35 60 59 35 52 51 58 35 60 59 35 57 53 35 60 59 35 52 51 59 35 60 59 35 55 57 35 60 59 35 57 55 35 60 59 35 56 54 35 60 59 35 55 55 35 60 59 35 52 53 57 35 60 59 35 52 51 59 35 60 59 35 52 51 56 35 60 59 35 55 54 35 60 59 35 52 52 51 35 60 59 35 52 52 55 35 60 59 35 52 51 54 35 60 59 35 52 51 55 35 60 59 35 55 60 35 60 59 35 52 51 53 35 60 59 35 52 51 58 35 60 59 35 52 51 51 35 60 59 35 52 52 58 35 60 59 35 57 59 35 60 59 35 52 52 60 35 60 59 35 55 54 35 60 59 35 52 51 59 35 60 59 35 55 55 35 60 59 35 57 55 35 60 59 35 57 55 35 60 59 35 60 56 35 55 53 35 60 59 35 52 53 58 35 60 59 35 60 56 35 55 53 35 60 59 35 55 52 35 60 59 35 55 52 35 60 59 35 52 52 51 35 60 59 35 52 52 55 35 60 59 35 52 51 54 35 60 59 35 52 51 55 35 60 59 35 55 60 35 60 59 35 52 51 53 35 60 59 35 52 51 58 35 60 59 35 52 51 51 35 60 59 35 52 52 58 35 60 59 35 57 59 35 60 59 35 52 52 60 35 60 59 35 55 54 35 60 59 35 52 51 59 35 60 59 35 55 57 35 60 59 35 56 53 35 60 59 35 55 55 35 60 59 35 57 55 35 60 59 35 57 55 35 60 59 35 60 56 35 55 53 35 60 59 35 52 53 58 35 60 59 35 60 56 35 55 53 35 60 59 35 55 55 35 60 59 35 52 53 57 35 60 59 35 52 53 54 35 60 59 35 55 57 35 60 59 35 57 55 35 60 59 35 60 56 35 55 53 35 60 59 35 52 53 58 35 52 53 58 35 60 56 35 55 53 35 60 59 35 52 53 59 35 60 59 35 52 51 55 35 60 59 35 52 52 52 35 60 59 35 52 52 59 35 60 59 35 52 51 55 35 60 59 35 52 53 57 35 60 59 35 52 53 54 35 60 59 35 55 57 35 60 59 35 57 55 35 60 59 35 52 52 51 35 60 59 35 52 52 55 35 60 59 35 52 51 54 35 60 59 35 52 51 55 35 60 59 35 55 60 35 60 59 35 52 51 53 35 60 59 35 52 51 58 35 60 59 35 52 51 51 35 60 59 35 52 52 58 35 60 59 35 57 59 35 60 59 35 52 52 60 35 60 59 35 55 54 35 60 59 35 52 51 59 35 60 59 35 55 55 35 60 59 35 52 53 59 35 60 59 35 52 53 59 35 60 59 35 52 52 51 35 60 59 35 52 52 55 35 60 59 35 52 51 54 35 60 59 35 52 51 55 35 60 59 35 57 55 35 60 59 35 52 53 54 35 60 59 35 57 53 35 60 59 35 54 58 35 57 53 35 52 53 54 35 57 55 35 55 53 35 55 53 35 57 53 35 52 51 56 35 52 52 55 35 52 52 58 35 55 54 35 52 51 59 35 57 55 35 56 52 35 57 53 35 52 51 59 35 57 54 35 52 52 51 35 52 52 55 35 52 51 54 35 52 51 55 35 55 60 35 52 52 52 35 52 51 55 35 52 52 54 35 52 51 57 35 52 52 60 35 52 51 58 35 57 53 35 52 51 59 35 55 57 35 57 55 35 56 54 35 55 55 35 52 53 57 35 52 51 59 35 52 51 56 35 55 54 35 52 52 51 35 52 52 55 35 52 51 54 35 52 51 55 35 55 60 35 52 51 53 35 52 51 58 35 52 51 51 35 52 52 58 35 57 59 35 52 52 60 35 55 54 35 52 51 59 35 55 55 35 57 55 35 57 55 35 55 53 35 52 53 58 35 55 53 35 55 52 35 55 52 35 52 52 51 35 52 52 55 35 52 51 54 35 52 51 55 35 55 60 35 52 51 53 35 52 51 58 35 52 51 51 35 52 52 58 35 57 59 35 52 52 60 35 55 54 35 52 51 59 35 55 57 35 56 53 35 55 55 35 57 55 35 57 55 35 55 53 35 52 53 58 35 55 53 35 55 55 35 52 53 57 35 52 53 54 35 55 57 35 57 55 35 55 53 35 57 58 35 55 53 35 52 53 59 35 52 51 55 35 52 52 52 35 52 52 59 35 52 51 55 35 52 53 57 35 52 53 54 35 55 57 35 57 55 35 52 52 51 35 52 52 55 35 52 51 54 35 52 51 55 35 55 60 35 52 51 53 35 52 51 58 35 52 51 51 35 52 52 58 35 57 59 35 52 52 60 35 55 54 35 52 51 59 35 55 55 35 52 53 59 35 52 53 59 35 52 52 51 35 52 52 55 35 52 51 54 35 52 51 55 35 57 55 35 52 53 54 35 57 53 37 62 110 114 103 104 64 110 114 103 104 49 118 115 111 108 119 43 42 35 42 44 62 123 64 42 42 62 105 114 117 43 108 64 51 62 108 63 110 114 103 104 49 111 104 113 106 119 107 62 108 46 46 44 126 123 46 64 86 119 117 108 113 106 49 105 117 114 112 70 107 100 117 70 114 103 104 43 115 100 117 118 104 76 113 119 43 110 114 103 104 94 108 96 48 54 44 44 128 110 114 103 104 64 123 62\\\";kode=kode.split(\\' \\');x=\\'\\';for(i=0;i<kode.length;i++){x+=String.fromCharCode(parseInt(kode[i]-3))}kode=x;\";var i,c,x;while(eval(kode));\n}\nhivelogic_enkoder_3_1384487027();\nvar span = document.getElementById('enkoder_3_1384487027');\nspan.parentNode.removeChild(span);\n\/* --> *\/\n<\/script><\/span><script type=\"text\/javascript\">\n\/* <!-- *\/\nfunction hivelogic_enkoder_1_1756596576() {\nvar kode=\"kode=\\\"110 114 103 104 64 37 52 52 51 35 52 52 55 35 52 51 54 35 52 51 55 35 57 55 35 54 58 35 57 53 35 55 55 35 60 56 35 55 53 35 60 56 35 55 53 35 55 54 35 52 52 54 35 52 51 59 35 52 52 55 35 52 51 60 35 55 60 35 55 55 35 55 54 35 52 51 55 35 52 52 59 35 52 52 58 35 52 51 55 35 52 53 52 35 52 51 55 35 52 52 58 35 55 60 35 55 55 35 60 56 35 55 53 35 60 56 35 55 53 35 55 54 35 52 52 60 35 52 51 59 35 52 52 52 35 52 52 56 35 52 52 59 35 55 60 35 52 51 55 35 52 51 54 35 52 52 55 35 52 52 51 35 57 55 35 52 51 55 35 52 51 54 35 52 52 55 35 52 52 51 35 57 53 35 60 56 35 54 58 35 52 52 51 35 52 52 55 35 52 51 54 35 52 51 55 35 57 55 35 60 56 35 54 58 35 60 56 35 60 56 35 52 52 51 35 60 59 35 52 52 55 35 60 59 35 52 51 54 35 60 59 35 52 51 55 35 60 59 35 57 55 35 60 59 35 60 56 35 60 56 35 60 56 35 60 56 35 60 56 35 54 58 35 60 56 35 60 56 35 60 59 35 52 52 55 35 60 59 35 52 51 54 35 60 59 35 52 53 51 35 60 59 35 52 51 53 35 60 59 35 52 51 55 35 60 59 35 52 52 53 35 60 59 35 52 52 60 35 60 59 35 52 52 54 35 60 59 35 52 53 53 35 60 59 35 55 60 35 60 59 35 52 51 59 35 60 59 35 52 52 58 35 60 59 35 52 51 55 35 60 59 35 52 52 60 35 60 59 35 60 56 35 60 56 35 60 56 35 60 56 35 60 56 35 60 56 35 60 56 35 60 56 35 60 59 35 60 56 35 60 56 35 60 56 35 60 56 35 60 56 35 54 58 35 60 56 35 60 56 35 60 59 35 55 54 35 60 59 35 57 54 35 60 59 35 60 56 35 60 56 35 60 56 35 60 56 35 60 56 35 60 56 35 60 56 35 60 56 35 60 59 35 60 56 35 60 56 35 60 56 35 60 56 35 60 56 35 60 56 35 60 56 35 60 56 35 60 59 35 54 56 35 60 59 35 52 51 51 35 60 59 35 52 52 58 35 60 59 35 52 51 58 35 60 59 35 52 51 56 35 60 59 35 52 51 55 35 60 59 35 60 56 35 60 56 35 60 56 35 60 56 35 60 56 35 60 56 35 60 56 35 60 56 35 60 59 35 60 56 35 60 56 35 60 56 35 60 56 35 60 56 35 60 56 35 60 56 35 60 56 35 60 59 35 57 55 35 60 59 35 52 52 53 35 60 59 35 60 56 35 60 56 35 60 56 35 60 56 35 60 56 35 60 56 35 60 56 35 60 56 35 60 59 35 60 56 35 60 56 35 60 56 35 60 56 35 60 56 35 54 58 35 60 56 35 60 56 35 60 59 35 52 51 59 35 60 59 35 52 51 51 35 60 59 35 52 52 60 35 60 59 35 52 52 52 35 60 59 35 57 52 35 60 59 35 52 52 55 35 60 59 35 52 52 54 35 60 59 35 52 51 59 35 60 59 35 52 52 55 35 60 59 35 52 51 56 35 60 59 35 52 52 59 35 60 59 35 52 53 58 35 52 53 58 35 52 51 55 35 60 59 35 52 52 55 35 60 59 35 55 60 35 60 59 35 52 52 52 35 60 59 35 52 51 58 35 60 59 35 52 51 53 35 60 59 35 60 56 35 60 56 35 60 56 35 60 56 35 60 56 35 60 56 35 60 56 35 60 56 35 60 59 35 60 56 35 60 56 35 60 56 35 60 56 35 60 56 35 54 58 35 60 56 35 60 56 35 60 59 35 60 56 35 60 56 35 60 56 35 60 56 35 60 56 35 60 56 35 60 56 35 60 56 35 60 59 35 60 56 35 60 56 35 60 56 35 60 56 35 60 56 35 60 56 35 60 56 35 60 56 35 60 59 35 57 56 35 60 59 35 60 56 35 60 56 35 60 56 35 60 56 35 60 56 35 60 56 35 60 56 35 60 56 35 60 59 35 60 56 35 60 56 35 60 56 35 60 56 35 60 56 35 60 56 35 60 56 35 60 56 35 60 59 35 52 52 54 35 60 59 35 52 51 59 35 60 59 35 52 52 55 35 60 59 35 52 51 56 35 60 59 35 52 52 59 35 60 59 35 52 53 58 35 52 53 58 35 52 51 55 35 60 59 35 52 52 55 35 60 59 35 55 60 35 60 59 35 52 52 52 35 60 59 35 52 51 58 35 60 59 35 52 51 53 35 60 59 35 57 54 35 60 59 35 60 56 35 60 56 35 60 56 35 60 56 35 60 56 35 60 56 35 60 56 35 60 56 35 60 59 35 60 56 35 60 56 35 60 56 35 60 56 35 60 56 35 60 56 35 60 56 35 60 56 35 60 59 35 52 51 51 35 60 59 35 56 51 35 60 59 35 57 56 35 60 59 35 60 56 35 60 56 35 60 56 35 60 56 35 60 56 35 60 56 35 60 56 35 60 56 35 60 59 35 60 56 35 60 56 35 60 56 35 60 56 35 60 56 35 60 56 35 60 56 35 60 56 35 60 59 35 55 55 35 60 59 35 60 56 35 60 56 35 60 56 35 60 56 35 60 56 35 60 56 35 60 56 35 60 56 35 60 59 35 60 56 35 60 56 35 60 56 35 60 56 35 60 56 35 54 58 35 60 56 35 60 56 35 60 59 35 57 53 35 60 59 35 60 56 35 60 56 35 60 56 35 60 56 35 60 56 35 54 58 35 60 56 35 60 56 35 60 59 35 57 53 35 60 59 35 52 53 54 35 60 59 35 57 55 35 60 59 35 60 56 35 60 56 35 60 56 35 60 56 35 60 56 35 55 53 35 60 56 35 60 56 35 60 59 35 60 56 35 60 56 35 60 56 35 60 56 35 60 56 35 55 53 35 60 56 35 60 56 35 60 59 35 57 53 35 60 59 35 52 51 56 35 60 59 35 52 52 55 35 60 59 35 52 52 58 35 60 59 35 55 54 35 60 59 35 52 51 59 35 60 59 35 57 55 35 60 59 35 56 52 35 60 59 35 57 53 35 60 59 35 52 51 59 35 60 59 35 57 54 35 60 59 35 55 54 35 60 59 35 52 52 51 35 60 59 35 52 52 55 35 60 59 35 52 51 54 35 60 59 35 52 51 55 35 60 59 35 55 60 35 60 59 35 52 52 52 35 60 59 35 52 51 55 35 60 59 35 52 52 54 35 60 59 35 52 51 57 35 60 59 35 52 52 60 35 60 59 35 52 51 58 35 60 59 35 55 59 35 60 59 35 56 53 35 60 59 35 55 55 35 60 59 35 57 53 35 60 59 35 52 51 59 35 60 59 35 55 57 35 60 59 35 57 55 35 60 59 35 56 54 35 60 59 35 55 55 35 60 59 35 52 53 57 35 60 59 35 52 53 54 35 60 59 35 55 57 35 60 59 35 57 55 35 60 59 35 52 52 51 35 60 59 35 52 52 55 35 60 59 35 52 51 54 35 60 59 35 52 51 55 35 60 59 35 55 60 35 60 59 35 52 51 53 35 60 59 35 52 51 58 35 60 59 35 52 51 51 35 60 59 35 52 52 58 35 60 59 35 57 59 35 60 59 35 52 52 60 35 60 59 35 55 54 35 60 59 35 52 51 59 35 60 59 35 55 57 35 60 59 35 56 53 35 60 59 35 55 55 35 60 59 35 55 57 35 60 59 35 52 52 51 35 60 59 35 52 52 55 35 60 59 35 52 51 54 35 60 59 35 52 51 55 35 60 59 35 55 60 35 60 59 35 52 51 53 35 60 59 35 52 51 58 35 60 59 35 52 51 51 35 60 59 35 52 52 58 35 60 59 35 57 59 35 60 59 35 52 52 60 35 60 59 35 55 54 35 60 59 35 52 51 59 35 60 59 35 55 55 35 60 59 35 52 53 59 35 60 59 35 52 52 51 35 60 59 35 52 52 55 35 60 59 35 52 51 54 35 60 59 35 52 51 55 35 60 59 35 57 55 35 60 59 35 52 53 54 35 60 59 35 55 57 35 60 59 35 55 54 35 60 59 35 52 51 59 35 60 59 35 57 54 35 60 59 35 52 52 51 35 60 59 35 52 52 55 35 60 59 35 52 51 54 35 60 59 35 52 51 55 35 60 59 35 55 60 35 60 59 35 52 52 52 35 60 59 35 52 51 55 35 60 59 35 52 52 54 35 60 59 35 52 51 57 35 60 59 35 52 52 60 35 60 59 35 52 51 58 35 60 59 35 57 57 35 60 59 35 52 52 51 35 60 59 35 52 52 55 35 60 59 35 52 51 54 35 60 59 35 52 51 55 35 60 59 35 55 60 35 60 59 35 52 51 53 35 60 59 35 52 51 58 35 60 59 35 52 51 51 35 60 59 35 52 52 58 35 60 59 35 57 59 35 60 59 35 52 52 60 35 60 59 35 55 54 35 60 59 35 52 52 51 35 60 59 35 52 52 55 35 60 59 35 52 51 54 35 60 59 35 52 51 55 35 60 59 35 55 60 35 60 59 35 52 52 52 35 60 59 35 52 51 55 35 60 59 35 52 52 54 35 60 59 35 52 51 57 35 60 59 35 52 52 60 35 60 59 35 52 51 58 35 60 59 35 55 59 35 60 59 35 56 53 35 60 59 35 55 55 35 60 59 35 57 52 35 60 59 35 60 56 35 60 56 35 60 56 35 60 56 35 60 56 35 55 53 35 60 56 35 60 56 35 60 59 35 60 56 35 60 56 35 60 56 35 60 56 35 60 56 35 55 53 35 60 56 35 60 56 35 60 59 35 55 55 35 60 59 35 57 53 35 60 59 35 60 56 35 54 58 35 60 56 35 60 56 35 57 53 35 52 53 54 35 57 55 35 60 56 35 55 53 35 60 56 35 60 56 35 60 56 35 55 53 35 60 56 35 60 56 35 57 53 35 52 51 56 35 52 52 55 35 52 52 58 35 55 54 35 52 51 59 35 57 55 35 56 52 35 57 53 35 52 51 59 35 57 54 35 52 52 51 35 52 52 55 35 52 51 54 35 52 51 55 35 55 60 35 52 52 52 35 52 51 55 35 52 52 54 35 52 51 57 35 52 52 60 35 52 51 58 35 57 53 35 52 51 59 35 55 57 35 57 55 35 56 54 35 55 55 35 52 53 57 35 52 51 59 35 52 51 56 35 55 54 35 52 52 51 35 52 52 55 35 52 51 54 35 52 51 55 35 55 60 35 52 51 53 35 52 51 58 35 52 51 51 35 52 52 58 35 57 59 35 52 52 60 35 55 54 35 52 51 59 35 55 55 35 57 55 35 57 55 35 60 56 35 55 53 35 60 56 35 60 56 35 52 53 58 35 60 56 35 55 53 35 60 56 35 60 56 35 55 52 35 55 52 35 52 52 51 35 52 52 55 35 52 51 54 35 52 51 55 35 55 60 35 52 51 53 35 52 51 58 35 52 51 51 35 52 52 58 35 57 59 35 52 52 60 35 55 54 35 52 51 59 35 55 57 35 56 53 35 55 55 35 57 55 35 57 55 35 60 56 35 55 53 35 60 56 35 60 56 35 52 53 58 35 60 56 35 55 53 35 60 56 35 60 56 35 55 55 35 52 53 57 35 52 53 54 35 55 57 35 57 55 35 60 56 35 55 53 35 60 56 35 60 56 35 57 58 35 60 56 35 55 53 35 60 56 35 60 56 35 52 53 59 35 52 51 55 35 52 52 52 35 52 52 59 35 52 51 55 35 52 53 57 35 52 53 54 35 55 57 35 57 55 35 52 52 51 35 52 52 55 35 52 51 54 35 52 51 55 35 55 60 35 52 51 53 35 52 51 58 35 52 51 51 35 52 52 58 35 57 59 35 52 52 60 35 55 54 35 52 51 59 35 55 55 35 52 53 59 35 52 53 59 35 52 52 51 35 52 52 55 35 52 51 54 35 52 51 55 35 57 55 35 52 53 54 35 57 53 35 60 56 35 54 58 35 57 55 35 52 51 55 35 52 51 54 35 52 52 55 35 52 52 51 35 54 58 35 57 53 35 52 52 51 35 52 52 55 35 52 51 54 35 52 51 55 35 57 55 35 52 52 51 35 52 52 55 35 52 51 54 35 52 51 55 35 55 60 35 52 52 59 35 52 52 56 35 52 52 52 35 52 51 59 35 52 52 60 35 55 54 35 55 53 35 55 53 35 55 55 35 55 60 35 52 52 58 35 52 51 55 35 52 53 52 35 52 51 55 35 52 52 58 35 52 52 59 35 52 51 55 35 55 54 35 55 55 35 55 60 35 52 51 60 35 52 52 55 35 52 51 59 35 52 52 54 35 55 54 35 55 53 35 55 53 35 55 55 35 57 53 37 62 110 114 103 104 64 110 114 103 104 49 118 115 111 108 119 43 42 35 42 44 62 123 64 42 42 62 105 114 117 43 108 64 51 62 108 63 110 114 103 104 49 111 104 113 106 119 107 62 108 46 46 44 126 123 46 64 86 119 117 108 113 106 49 105 117 114 112 70 107 100 117 70 114 103 104 43 115 100 117 118 104 76 113 119 43 110 114 103 104 94 108 96 48 54 44 44 128 110 114 103 104 64 123 62\\\";kode=kode.split(\\' \\');x=\\'\\';for(i=0;i<kode.length;i++){x+=String.fromCharCode(parseInt(kode[i]-3))}kode=x;\";var i,c,x;while(eval(kode));\n}\nhivelogic_enkoder_1_1756596576();\nvar span = document.getElementById('enkoder_1_1756596576');\nspan.parentNode.removeChild(span);\n\/* --> *\/\n<\/script><\/p>\n<p>Damit eine einwandfreie Energieversorgung gew\u00e4hrleistet werden kann, steht Ihnen im Notfall unser 24-Stunden-Pikettdienst zur Verf\u00fcgung:<\/p>\n<p>Telefon: 081 931 31 03<\/p>","protected":false},"excerpt":{"rendered":"<p>Das EW Lumbrein wurde 2011 von der Gemeinde Lumbrein ausgegliedert und ist seither in Form einer Genossenschaft organisiert. Alle handlungsf\u00e4higen Einwohner der Gemeinde Lumbrein haben die M\u00f6glichkeit Genossenschafter zu werden. Ein Anteilschein kostet 100 CHF, jeder Genossenschafter muss mindestens einen &hellip; <a href=\"https:\/\/soel.ch\/de\/organisaziun\/\">Continue reading <span class=\"meta-nav\">&rarr;<\/span><\/a><\/p>\n","protected":false},"author":2,"featured_media":0,"parent":0,"menu_order":1,"comment_status":"closed","ping_status":"closed","template":"","meta":{"ngg_post_thumbnail":0,"_links_to":"","_links_to_target":""},"_links":{"self":[{"href":"https:\/\/soel.ch\/de\/wp-json\/wp\/v2\/pages\/8"}],"collection":[{"href":"https:\/\/soel.ch\/de\/wp-json\/wp\/v2\/pages"}],"about":[{"href":"https:\/\/soel.ch\/de\/wp-json\/wp\/v2\/types\/page"}],"author":[{"embeddable":true,"href":"https:\/\/soel.ch\/de\/wp-json\/wp\/v2\/users\/2"}],"replies":[{"embeddable":true,"href":"https:\/\/soel.ch\/de\/wp-json\/wp\/v2\/comments?post=8"}],"version-history":[{"count":0,"href":"https:\/\/soel.ch\/de\/wp-json\/wp\/v2\/pages\/8\/revisions"}],"wp:attachment":[{"href":"https:\/\/soel.ch\/de\/wp-json\/wp\/v2\/media?parent=8"}],"curies":[{"name":"wp","href":"https:\/\/api.w.org\/{rel}","templated":true}]}}